{"id":458,"date":"2023-05-21T23:56:13","date_gmt":"2023-05-21T20:56:13","guid":{"rendered":"http:\/\/esanmuhendislik.com.tr\/?page_id=458"},"modified":"2023-05-22T00:21:40","modified_gmt":"2023-05-21T21:21:40","slug":"tum-haberler","status":"publish","type":"page","link":"https:\/\/esanmuhendislik.com.tr\/?page_id=458","title":{"rendered":"T\u00fcm Haberler"},"content":{"rendered":"  <section class=\"section\" id=\"section_88313061\">\r\n      <div class=\"bg section-bg fill bg-fill  bg-loaded\" >\r\n\r\n        \r\n        \r\n        \r\n        \r\n        \r\n        \r\n\r\n      <\/div><!-- .section-bg -->\r\n\r\n      <div class=\"section-content relative\">\r\n        \n<div class=\"row row-collapse\"  id=\"row-1985332931\">\n<div class=\"col medium-2 small-6 large-2\"  ><div class=\"col-inner text-center\"  >\n<a href=\"http:\/\/esanmuhendislik.com.tr\" target=\"_self\" class=\"button white is-large lowercase expand\"  >\r\n    <span>Ana Sayfa<\/span>\r\n  <\/a>\r\n\n<\/div><\/div>\n<div class=\"col medium-2 small-6 large-2\"  ><div class=\"col-inner text-center\"  >\n<a href=\"http:\/\/esanmuhendislik.com.tr\/?page_id=224\" target=\"_self\" class=\"button white is-large lowercase expand\"  >\r\n    <span>Hakk\u0131m\u0131zda<\/span>\r\n  <\/a>\r\n\n<\/div><\/div>\n<div class=\"col medium-2 small-6 large-2\"  ><div class=\"col-inner text-center\"  >\n<a href=\"http:\/\/esanmuhendislik.com.tr\/?page_id=237\" target=\"_self\" class=\"button white is-large lowercase expand\"  >\r\n    <span>Hizmetlerimiz<\/span>\r\n  <\/a>\r\n\n<\/div><\/div>\n<div class=\"col medium-2 small-6 large-2\"  ><div class=\"col-inner\"  >\n<a href=\"http:\/\/esanmuhendislik.com.tr\/?page_id=245\" target=\"_self\" class=\"button white is-large lowercase expand\"  >\r\n    <span>Referanslar\u0131m\u0131z<\/span>\r\n  <\/a>\r\n\n<\/div><\/div>\n<div class=\"col medium-1 small-6 large-1\"  ><div class=\"col-inner text-center\"  >\n<a href=\"http:\/\/esanmuhendislik.com.tr\/?page_id=279\" target=\"_self\" class=\"button white is-large lowercase\"  >\r\n    <span>Galeri<\/span>\r\n  <\/a>\r\n\n<\/div><\/div>\n<div class=\"col medium-2 small-6 large-2\"  ><div class=\"col-inner\"  >\n<a href=\"http:\/\/esanmuhendislik.com.tr\/?page_id=309\" target=\"_self\" class=\"button white is-large lowercase expand\"  >\r\n    <span>\u0130nsan Kaynaklar\u0131<\/span>\r\n  <\/a>\r\n\n<\/div><\/div>\n<div class=\"col medium-1 small-6 large-1\"  ><div class=\"col-inner\"  >\n<a href=\"http:\/\/esanmuhendislik.com.tr\/?page_id=311\" target=\"_self\" class=\"button white is-large lowercase expand\"  >\r\n    <span>\u0130leti\u015fim<\/span>\r\n  <\/a>\r\n\n<\/div><\/div>\n\n<style scope=\"scope\">\n\n<\/style>\n<\/div>\n      <\/div><!-- .section-content -->\r\n\r\n      \n<style scope=\"scope\">\n\n#section_88313061 {\n  padding-top: 0px;\n  padding-bottom: 0px;\n}\n<\/style>\n  <\/section>\r\n  \n  <section class=\"section\" id=\"section_593553968\">\r\n      <div class=\"bg section-bg fill bg-fill  bg-loaded\" >\r\n\r\n        \r\n        \r\n        \r\n        \r\n        \r\n        \r\n\r\n      <\/div><!-- .section-bg -->\r\n\r\n      <div class=\"section-content relative\">\r\n        \n<div class=\"row row-collapse\"  id=\"row-411192240\">\n<div class=\"col small-12 large-12\"  ><div class=\"col-inner text-center\"  >\n<p class=\"lead\" style=\"text-align: center;\"><span style=\"color: #ffffff;\"><strong>T\u00dcM HABERLER<\/strong><\/span><\/p>\n<\/div><\/div>\n\n<style scope=\"scope\">\n\n<\/style>\n<\/div>\n      <\/div><!-- .section-content -->\r\n\r\n      \n<style scope=\"scope\">\n\n#section_593553968 {\n  padding-top: 30px;\n  padding-bottom: 30px;\n  background-color: rgb(36, 154, 192);\n}\n<\/style>\n  <\/section>\r\n  \n  <section class=\"section\" id=\"section_913208201\">\r\n      <div class=\"bg section-bg fill bg-fill  bg-loaded\" >\r\n\r\n        \r\n        \r\n        \r\n        \r\n        \r\n        \r\n\r\n      <\/div><!-- .section-bg -->\r\n\r\n      <div class=\"section-content relative\">\r\n        \n<div class=\"row align-middle\"  id=\"row-778597672\">\n<div class=\"col small-12 large-12\"  ><div class=\"col-inner\"  >\n<h2 class=\"title\"><a title=\"ATABEY LOJ\u0130ST\u0130K A.\u015e. Elektrik Projeleri\" href=\"http:\/\/esanmuhendislik.com.tr\/?page_id=425\" rel=\"bookmark\">ATABEY LOJ\u0130ST\u0130K A.\u015e. Elektrik Projeleri<\/a><\/h2>\n<h3 class=\"featured-section-title\"><span class=\"post-meta\"><small>F j, Y11:02<\/small><\/span><\/h3>\n<p>110 576 M2 \u0130n\u015faat Alanl\u0131 ATABEY LOJISTIK A.\u015e. Gebze Tesislerinin Elektrik Projeleri F\u0131rmam\u0131z taraf\u0131ndan yap\u0131lm\u0131\u015ft\u0131r<\/p>\n<div class=\"text-center\"><div class=\"is-divider divider clearfix\" style=\"max-width:100%;height:1px;\"><\/div><\/div><!-- .divider -->\n<\/div><\/div>\n\n<style scope=\"scope\">\n\n<\/style>\n<\/div>\n<div class=\"row align-middle\"  id=\"row-117842788\">\n<div class=\"col medium-3 small-12 large-3\"  ><div class=\"col-inner\"  >\n    <div class=\"img has-hover x md-x lg-x y md-y lg-y\" id=\"image_515792058\">\r\n    <a href=\"http:\/\/esanmuhendislik.com.tr\/?page_id=387\" target=\"_self\" class=\"\">            <div class=\"img-inner image-cover dark\" style=\"padding-top:75%;\">\r\n        <img loading=\"lazy\" decoding=\"async\" width=\"1020\" height=\"644\" src=\"https:\/\/esanmuhendislik.com.tr\/wp-content\/uploads\/2023\/05\/Elektrik-proje-cesitleri-1024x647.jpg\" class=\"attachment-large size-large\" alt=\"\" srcset=\"https:\/\/esanmuhendislik.com.tr\/wp-content\/uploads\/2023\/05\/Elektrik-proje-cesitleri-1024x647.jpg 1024w, https:\/\/esanmuhendislik.com.tr\/wp-content\/uploads\/2023\/05\/Elektrik-proje-cesitleri-300x189.jpg 300w, https:\/\/esanmuhendislik.com.tr\/wp-content\/uploads\/2023\/05\/Elektrik-proje-cesitleri-768x485.jpg 768w, https:\/\/esanmuhendislik.com.tr\/wp-content\/uploads\/2023\/05\/Elektrik-proje-cesitleri-1536x970.jpg 1536w, https:\/\/esanmuhendislik.com.tr\/wp-content\/uploads\/2023\/05\/Elektrik-proje-cesitleri.jpg 1900w\" sizes=\"auto, (max-width: 1020px) 100vw, 1020px\" \/>                \r\n            <\/div>\r\n            <\/a>       \n<style scope=\"scope\">\n\n<\/style>\n    <\/div>\r\n    \n<\/div><\/div>\n<div class=\"col medium-9 small-12 large-9\"  ><div class=\"col-inner\"  >\n<h2 class=\"title\"><a title=\"Elektrik Proje \u00c7e\u015fitleri\" href=\"http:\/\/esanmuhendislik.com.tr\/?page_id=387\" rel=\"bookmark\">Elektrik Proje \u00c7e\u015fitleri<\/a><\/h2>\n<h3 class=\"title\"><span class=\"post-meta\"><small>F j, Y19:07<\/small><\/span><\/h3>\n<p>ESAN MUHEND\u0130SL\u0130K, Elektrik taahh\u00fct i\u015fleri yap\u0131l\u0131rken elektrik m\u00fchendisli\u011finin gerektirdi\u011fi y\u00fcr\u00fcrl\u00fckteki yerel ve uluslararas\u0131 standartlara uyulursa elektrik ar\u0131zalar\u0131n\u0131n m\u00fcmk\u00fcn oldu\u011funca azalaca\u011f\u0131 a\u015fikard\u0131r. Elektrik proje \u00e7e\u015fitleri haz\u0131rlan\u0131rken \u00f6n proje \u00e7al\u0131\u015fmas\u0131 yap\u0131p di\u011fer proje disiplinleri ile uygunlu\u011fu sa\u011flanmal\u0131d\u0131r. Projelerin birbiri ile uygunlu\u011fu daha d\u00fczg\u00fcn elektrik projes\u0131 haz\u0131rlanmas\u0131n\u0131 vede daha d\u00fczg\u00fcn elektrik taahh\u00fct yap\u0131lmas\u0131n\u0131\u00a0<a class=\"read-more\" href=\"http:\/\/esanmuhendislik.com.tr\/?page_id=387\">Read More<\/a><\/p>\n<\/div><\/div>\n<div class=\"col small-12 large-12\"  ><div class=\"col-inner\"  >\n<div class=\"text-center\"><div class=\"is-divider divider clearfix\" style=\"max-width:100%;height:1px;\"><\/div><\/div><!-- .divider -->\n<\/div><\/div>\n\n<style scope=\"scope\">\n\n<\/style>\n<\/div>\n<div class=\"row align-middle\"  id=\"row-505715553\">\n<div class=\"col medium-3 small-12 large-3\"  ><div class=\"col-inner\"  >\n    <div class=\"img has-hover x md-x lg-x y md-y lg-y\" id=\"image_1562180919\">\r\n    <a href=\"http:\/\/esanmuhendislik.com.tr\/?page_id=414\" target=\"_self\" class=\"\">            <div class=\"img-inner image-cover dark\" style=\"padding-top:75%;\">\r\n        <img loading=\"lazy\" decoding=\"async\" width=\"450\" height=\"300\" src=\"https:\/\/esanmuhendislik.com.tr\/wp-content\/uploads\/2023\/05\/small_RHIstanbulBosphorus-1541.jpg\" class=\"attachment-large size-large\" alt=\"\" srcset=\"https:\/\/esanmuhendislik.com.tr\/wp-content\/uploads\/2023\/05\/small_RHIstanbulBosphorus-1541.jpg 450w, https:\/\/esanmuhendislik.com.tr\/wp-content\/uploads\/2023\/05\/small_RHIstanbulBosphorus-1541-300x200.jpg 300w\" sizes=\"auto, (max-width: 450px) 100vw, 450px\" \/>                \r\n            <\/div>\r\n            <\/a>       \n<style scope=\"scope\">\n\n<\/style>\n    <\/div>\r\n    \n<\/div><\/div>\n<div class=\"col medium-9 small-12 large-9\"  ><div class=\"col-inner\"  >\n<h2 class=\"title\"><a title=\"Renaissance Istanbul Bosphorus Hotel hizmete a\u00e7\u0131lm\u0131\u015ft\u0131r\u2026\" href=\"http:\/\/esanmuhendislik.com.tr\/?page_id=414\" rel=\"bookmark\">Renaissance Istanbul Bosphorus Hotel hizmete a\u00e7\u0131lm\u0131\u015ft\u0131r\u2026<\/a><\/h2>\n<h3 class=\"title\"><span class=\"post-meta\"><small>F j, Y22:34<\/small><\/span><\/h3>\n<p>Elektrik Uygulama Projesi F\u0131rmam\u0131z taraf\u0131ndan haz\u0131rlanan Renaissance Istanbul Bosphorus Hotel hizmete a\u00e7\u0131lm\u0131\u015ft\u0131r\u2026 Toplam in\u015faat alan\u0131\u00a0 33 000 m2 olan \u00f6telin 2 Adet 1250kVA Trafosu, 2 Adet 1250kVA Diesel Generat\u00f6r\u00fc ve 1 Adet 520kW Kojenerasyonu vardir. Enerji besleme sisteminde tam senkronizasyon uygulanmaktad\u0131r. Cereyan kesilmelerinde Kojenerasyon devrede oldu\u011fu zamanlarda \u00f6telin ayd\u0131nlatma sistemi <a class=\"read-more\" href=\"http:\/\/esanmuhendislik.com.tr\/?page_id=414\">Read More<\/a><\/p>\n<\/div><\/div>\n<div class=\"col small-12 large-12\"  ><div class=\"col-inner\"  >\n<div class=\"text-center\"><div class=\"is-divider divider clearfix\" style=\"max-width:100%;height:1px;\"><\/div><\/div><!-- .divider -->\n<\/div><\/div>\n\n<style scope=\"scope\">\n\n<\/style>\n<\/div>\n<div class=\"row align-middle\"  id=\"row-507705258\">\n<div class=\"col medium-3 small-12 large-3\"  ><div class=\"col-inner\"  >\n    <div class=\"img has-hover x md-x lg-x y md-y lg-y\" id=\"image_387439646\">\r\n    <a href=\"http:\/\/esanmuhendislik.com.tr\/?page_id=433\" target=\"_self\" class=\"\">            <div class=\"img-inner image-cover dark\" style=\"padding-top:75%;\">\r\n        <img loading=\"lazy\" decoding=\"async\" width=\"500\" height=\"500\" src=\"https:\/\/esanmuhendislik.com.tr\/wp-content\/uploads\/2023\/05\/CatalogueKNX.jpg\" class=\"attachment-large size-large\" alt=\"\" srcset=\"https:\/\/esanmuhendislik.com.tr\/wp-content\/uploads\/2023\/05\/CatalogueKNX.jpg 500w, https:\/\/esanmuhendislik.com.tr\/wp-content\/uploads\/2023\/05\/CatalogueKNX-300x300.jpg 300w, https:\/\/esanmuhendislik.com.tr\/wp-content\/uploads\/2023\/05\/CatalogueKNX-150x150.jpg 150w\" sizes=\"auto, (max-width: 500px) 100vw, 500px\" \/>                \r\n            <\/div>\r\n            <\/a>       \n<style scope=\"scope\">\n\n<\/style>\n    <\/div>\r\n    \n<\/div><\/div>\n<div class=\"col medium-9 small-12 large-9\"  ><div class=\"col-inner\"  >\n<h2 class=\"title\"><a title=\"Esan M\u00fchendislik Taahh\u00fct ve Tic. Ltd .\u015eti. ve infoMET\u2019ten B\u00fcy\u00fck Ba\u015far\u0131!\u2026\" href=\"http:\/\/esanmuhendislik.com.tr\/?page_id=433\" rel=\"bookmark\">Esan M\u00fchendislik Taahh\u00fct ve Tic. Ltd .\u015eti. ve infoMET\u2019ten B\u00fcy\u00fck Ba\u015far\u0131!\u2026<\/a><\/h2>\n<h2 class=\"title\"><span class=\"post-meta\"><small>F j, Y22:37<\/small><\/span><\/h2>\n<p>Esan M\u00fchendislik Taahh\u00fct ve Tic. Ltd.\u015eti.\u00a0veinfoMET Teknoloji, elektrik sekt\u00f6r\u00fcn \u00f6nemli organizasyonlar\u0131ndan olan KNX Awards 2012 proje yar\u0131\u015fmas\u0131nda finale kalarak b\u00fcy\u00fck bir ba\u015far\u0131ya imza att\u0131. Merkezi Br\u00fcksel\u2019de bulunan Uluslararas\u0131 KNX Birli\u011fi, her iki y\u0131lda bir KNX otomasyonu alan\u0131nda yap\u0131lan projeleri farkl\u0131 kategorilerde de\u011ferlendiriyor ve ba\u015far\u0131l\u0131 projelere sekt\u00f6r\u00fcn \u00f6nemli organizasyonlar\u0131ndan olan Almanya\u2019da\u00a0<a class=\"read-more\" href=\"http:\/\/esanmuhendislik.com.tr\/?page_id=433\">Read More<\/a><\/p>\n<\/div><\/div>\n<div class=\"col small-12 large-12\"  ><div class=\"col-inner\"  >\n<div class=\"text-center\"><div class=\"is-divider divider clearfix\" style=\"max-width:100%;height:1px;\"><\/div><\/div><!-- .divider -->\n<\/div><\/div>\n\n<style scope=\"scope\">\n\n<\/style>\n<\/div>\n<div class=\"row align-middle\"  id=\"row-449807096\">\n<div class=\"col medium-3 small-12 large-3\"  ><div class=\"col-inner\"  >\n    <div class=\"img has-hover x md-x lg-x y md-y lg-y\" id=\"image_1305584744\">\r\n    <a href=\"http:\/\/esanmuhendislik.com.tr\/?page_id=443\" target=\"_self\" class=\"\">            <div class=\"img-inner image-cover dark\" style=\"padding-top:75%;\">\r\n        <img loading=\"lazy\" decoding=\"async\" width=\"1020\" height=\"737\" src=\"https:\/\/esanmuhendislik.com.tr\/wp-content\/uploads\/2023\/05\/EVE_grounding_system-1024x740.jpg\" class=\"attachment-large size-large\" alt=\"\" srcset=\"https:\/\/esanmuhendislik.com.tr\/wp-content\/uploads\/2023\/05\/EVE_grounding_system-1024x740.jpg 1024w, https:\/\/esanmuhendislik.com.tr\/wp-content\/uploads\/2023\/05\/EVE_grounding_system-300x217.jpg 300w, https:\/\/esanmuhendislik.com.tr\/wp-content\/uploads\/2023\/05\/EVE_grounding_system-768x555.jpg 768w, https:\/\/esanmuhendislik.com.tr\/wp-content\/uploads\/2023\/05\/EVE_grounding_system-1536x1111.jpg 1536w, https:\/\/esanmuhendislik.com.tr\/wp-content\/uploads\/2023\/05\/EVE_grounding_system-2048x1481.jpg 2048w\" sizes=\"auto, (max-width: 1020px) 100vw, 1020px\" \/>                \r\n            <\/div>\r\n            <\/a>       \n<style scope=\"scope\">\n\n<\/style>\n    <\/div>\r\n    \n<\/div><\/div>\n<div class=\"col medium-9 small-12 large-9\"  ><div class=\"col-inner\"  >\n<h2 class=\"title\"><a title=\"Temel Topraklama SistemleriStandartlara Uygun Olarak Yap\u0131lmaktad\u0131r.\" href=\"http:\/\/esanmuhendislik.com.tr\/?page_id=443\" rel=\"bookmark\">Temel Topraklama Sistemleri Standartlara Uygun Olarak Yap\u0131lmaktad\u0131r.<\/a><\/h2>\n<h2 class=\"title\"><span class=\"post-meta\"><small>F j, Y22:38<\/small><\/span><\/h2>\n<p>Elektirk sekt\u00f6r\u00fcnde topraklama sistemleri standartlara uygun olarak yap\u0131lmaktad\u0131r ve bu konuda k\u0131sm\u0131nda bizden bilgi alabilirsiniz. Temel Topraklama Sistemleri \u00a0Standartlara Uygun Olarak Yap\u0131lmaktad\u0131r. elektrik projesi, elektrik taahhut, elektrik taahh\u00fct hizmleri, elektrik m\u00fchendislik,\u0437\u0430\u043a\u0430\u0437 \u0441\u0430\u0439\u0442\u0430 \u0446\u0435\u043d\u0430<\/p>\n<\/div><\/div>\n<div class=\"col small-12 large-12\"  ><div class=\"col-inner\"  >\n<div class=\"text-center\"><div class=\"is-divider divider clearfix\" style=\"max-width:100%;height:1px;\"><\/div><\/div><!-- .divider -->\n<\/div><\/div>\n\n<style scope=\"scope\">\n\n<\/style>\n<\/div>\n      <\/div><!-- .section-content -->\r\n\r\n      \n<style scope=\"scope\">\n\n#section_913208201 {\n  padding-top: 20px;\n  padding-bottom: 20px;\n}\n<\/style>\n  <\/section>\r\n  \n","protected":false},"excerpt":{"rendered":"","protected":false},"author":1,"featured_media":0,"parent":0,"menu_order":0,"comment_status":"closed","ping_status":"closed","template":"page-blank.php","meta":{"footnotes":""},"class_list":["post-458","page","type-page","status-publish","hentry"],"_links":{"self":[{"href":"https:\/\/esanmuhendislik.com.tr\/index.php?rest_route=\/wp\/v2\/pages\/458","targetHints":{"allow":["GET"]}}],"collection":[{"href":"https:\/\/esanmuhendislik.com.tr\/index.php?rest_route=\/wp\/v2\/pages"}],"about":[{"href":"https:\/\/esanmuhendislik.com.tr\/index.php?rest_route=\/wp\/v2\/types\/page"}],"author":[{"embeddable":true,"href":"https:\/\/esanmuhendislik.com.tr\/index.php?rest_route=\/wp\/v2\/users\/1"}],"replies":[{"embeddable":true,"href":"https:\/\/esanmuhendislik.com.tr\/index.php?rest_route=%2Fwp%2Fv2%2Fcomments&post=458"}],"version-history":[{"count":13,"href":"https:\/\/esanmuhendislik.com.tr\/index.php?rest_route=\/wp\/v2\/pages\/458\/revisions"}],"predecessor-version":[{"id":472,"href":"https:\/\/esanmuhendislik.com.tr\/index.php?rest_route=\/wp\/v2\/pages\/458\/revisions\/472"}],"wp:attachment":[{"href":"https:\/\/esanmuhendislik.com.tr\/index.php?rest_route=%2Fwp%2Fv2%2Fmedia&parent=458"}],"curies":[{"name":"wp","href":"https:\/\/api.w.org\/{rel}","templated":true}]}}