{"id":425,"date":"2023-05-21T23:19:50","date_gmt":"2023-05-21T20:19:50","guid":{"rendered":"http:\/\/esanmuhendislik.com.tr\/?page_id=425"},"modified":"2023-05-21T23:24:12","modified_gmt":"2023-05-21T20:24:12","slug":"atabey-lojistik-a-s","status":"publish","type":"page","link":"https:\/\/esanmuhendislik.com.tr\/?page_id=425","title":{"rendered":"ATABEY LOJ\u0130ST\u0130K A.\u015e."},"content":{"rendered":"  <section class=\"section\" id=\"section_1559771254\">\r\n      <div class=\"bg section-bg fill bg-fill  bg-loaded\" >\r\n\r\n        \r\n        \r\n        \r\n        \r\n        \r\n        \r\n\r\n      <\/div><!-- .section-bg -->\r\n\r\n      <div class=\"section-content relative\">\r\n        \n<div class=\"row row-collapse\"  id=\"row-767744835\">\n<div class=\"col medium-2 small-6 large-2\"  ><div class=\"col-inner text-center\"  >\n<a href=\"http:\/\/esanmuhendislik.com.tr\" target=\"_self\" class=\"button white is-large lowercase expand\"  >\r\n    <span>Ana Sayfa<\/span>\r\n  <\/a>\r\n\n<\/div><\/div>\n<div class=\"col medium-2 small-6 large-2\"  ><div class=\"col-inner text-center\"  >\n<a href=\"http:\/\/esanmuhendislik.com.tr\/?page_id=224\" target=\"_self\" class=\"button white is-large lowercase expand\"  >\r\n    <span>Hakk\u0131m\u0131zda<\/span>\r\n  <\/a>\r\n\n<\/div><\/div>\n<div class=\"col medium-2 small-6 large-2\"  ><div class=\"col-inner text-center\"  >\n<a href=\"http:\/\/esanmuhendislik.com.tr\/?page_id=237\" target=\"_self\" class=\"button white is-large lowercase expand\"  >\r\n    <span>Hizmetlerimiz<\/span>\r\n  <\/a>\r\n\n<\/div><\/div>\n<div class=\"col medium-2 small-6 large-2\"  ><div class=\"col-inner\"  >\n<a href=\"http:\/\/esanmuhendislik.com.tr\/?page_id=245\" target=\"_self\" class=\"button white is-large lowercase expand\"  >\r\n    <span>Referanslar\u0131m\u0131z<\/span>\r\n  <\/a>\r\n\n<\/div><\/div>\n<div class=\"col medium-1 small-6 large-1\"  ><div class=\"col-inner text-center\"  >\n<a href=\"http:\/\/esanmuhendislik.com.tr\/?page_id=279\" target=\"_self\" class=\"button white is-large lowercase\"  >\r\n    <span>Galeri<\/span>\r\n  <\/a>\r\n\n<\/div><\/div>\n<div class=\"col medium-2 small-6 large-2\"  ><div class=\"col-inner\"  >\n<a href=\"http:\/\/esanmuhendislik.com.tr\/?page_id=309\" target=\"_self\" class=\"button white is-large lowercase expand\"  >\r\n    <span>\u0130nsan Kaynaklar\u0131<\/span>\r\n  <\/a>\r\n\n<\/div><\/div>\n<div class=\"col medium-1 small-6 large-1\"  ><div class=\"col-inner\"  >\n<a href=\"http:\/\/esanmuhendislik.com.tr\/?page_id=311\" target=\"_self\" class=\"button white is-large lowercase expand\"  >\r\n    <span>\u0130leti\u015fim<\/span>\r\n  <\/a>\r\n\n<\/div><\/div>\n\n<style scope=\"scope\">\n\n<\/style>\n<\/div>\n      <\/div><!-- .section-content -->\r\n\r\n      \n<style scope=\"scope\">\n\n#section_1559771254 {\n  padding-top: 0px;\n  padding-bottom: 0px;\n}\n<\/style>\n  <\/section>\r\n  \n  <section class=\"section\" id=\"section_1124879222\">\r\n      <div class=\"bg section-bg fill bg-fill  bg-loaded\" >\r\n\r\n        \r\n        \r\n        \r\n        \r\n        \r\n        \r\n\r\n      <\/div><!-- .section-bg -->\r\n\r\n      <div class=\"section-content relative\">\r\n        \n<h2 class=\"title\" style=\"text-align: center;\"><span style=\"color: #ffffff;\">ATABEY LOJ\u0130ST\u0130K A.\u015e. Elektrik Projeleri<\/span><\/h2>\n<p style=\"text-align: center;\"><span style=\"color: #ffffff;\"><small class=\"date\">Temmuz 4, 2015<\/small><\/span><\/p>\n      <\/div><!-- .section-content -->\r\n\r\n      \n<style scope=\"scope\">\n\n#section_1124879222 {\n  padding-top: 30px;\n  padding-bottom: 30px;\n  background-color: rgb(36, 154, 192);\n}\n<\/style>\n  <\/section>\r\n  \n<div class=\"gap-element\" style=\"display:block; height:auto; padding-top:40px\" class=\"clearfix\"><\/div>\n  <section class=\"section\" id=\"section_648042176\">\r\n      <div class=\"bg section-bg fill bg-fill  bg-loaded\" >\r\n\r\n        \r\n        \r\n        \r\n        \r\n        \r\n        \r\n\r\n      <\/div><!-- .section-bg -->\r\n\r\n      <div class=\"section-content relative\">\r\n        \n<div class=\"row align-middle\"  id=\"row-1729469887\">\n<div class=\"col medium-2 small-12 large-2\"  ><div class=\"col-inner\"  >\n<\/div><\/div>\n<div class=\"col medium-8 small-12 large-8\"  ><div class=\"col-inner\"  >\n<p>110 576 M2 \u0130n\u015faat Alanl\u0131 ATABEY LOJISTIK A.\u015e. Gebze Tesislerinin Elektrik Projeleri F\u0131rmam\u0131z taraf\u0131ndan yap\u0131lm\u0131\u015ft\u0131r<\/p>\n<\/div><\/div>\n\n<style scope=\"scope\">\n\n<\/style>\n<\/div>\n<div class=\"row align-middle\"  id=\"row-554323018\">\n<div class=\"col medium-2 small-12 large-2\"  ><div class=\"col-inner\"  >\n<\/div><\/div>\n<div class=\"col medium-6 small-12 large-6\"  ><div class=\"col-inner\"  >\n<h3 id=\"reply-title\" class=\"comment-reply-title\">Bir Cevap Yaz\u0131n<small><\/small><\/h3>\n<form id=\"commentform\" class=\"comment-form\" action=\"http:\/\/www.esanmuhendislik.com.tr\/wp-comments-post.php\" method=\"post\">\n<p class=\"comment-notes\"><span id=\"email-notes\">E-posta hesab\u0131n\u0131z yay\u0131mlanmayacak.<\/span>\u00a0Gerekli alanlar\u00a0<span class=\"required\">*<\/span>\u00a0ile i\u015faretlenmi\u015flerdir<\/p>\n<\/form>\n<div class='fluentform ff-default fluentform_wrapper_4 ffs_default_wrap'><form data-form_id=\"4\" id=\"fluentform_4\" class=\"frm-fluent-form fluent_form_4 ff-el-form-top ff_form_instance_4_1 ff-form-loading ffs_default\" data-form_instance=\"ff_form_instance_4_1\" method=\"POST\" ><fieldset  style=\"border: none!important;margin: 0!important;padding: 0!important;background-color: transparent!important;box-shadow: none!important;outline: none!important; min-inline-size: 100%;\">\n                    <legend class=\"ff_screen_reader_title\" style=\"display: block; margin: 0!important;padding: 0!important;height: 0!important;text-indent: -999999px;width: 0!important;overflow:hidden;\">Subscription Form (#4)<\/legend><input type='hidden' name='__fluent_form_embded_post_id' value='425' \/><input type=\"hidden\" id=\"_fluentform_4_fluentformnonce\" name=\"_fluentform_4_fluentformnonce\" value=\"5f59a09e4e\" \/><input type=\"hidden\" name=\"_wp_http_referer\" value=\"\/index.php?rest_route=%2Fwp%2Fv2%2Fpages%2F425\" \/><div data-type=\"name-element\" class=\" ff-field_container ff-name-field-wrapper\" ><div class='ff-t-container'><div class='ff-t-cell '><div class='ff-el-group'><div class=\"ff-el-input--label ff-el-is-required asterisk-right\"><label for='ff_4__first_name_' id='label_ff_4__first_name_' >\u0130sim<\/label><\/div><div class='ff-el-input--content'><input type=\"text\" name=\"[first_name]\" id=\"ff_4__first_name_\" class=\"ff-el-form-control\" aria-invalid=\"false\" aria-required=true><\/div><\/div><\/div><\/div><\/div><div class='ff-el-group'><div class=\"ff-el-input--label ff-el-is-required asterisk-right\"><label for='ff_4_email' id='label_ff_4_email' aria-label=\"E-posta\">E-posta<\/label><\/div><div class='ff-el-input--content'><input type=\"email\" name=\"email\" id=\"ff_4_email\" class=\"ff-el-form-control\" data-name=\"email\"  aria-invalid=\"false\" aria-required=true><\/div><\/div><div class='ff-el-group'><div class=\"ff-el-input--label ff-el-is-required asterisk-right\"><label for='ff_4_input_text' id='label_ff_4_input_text' aria-label=\"Internet Sitesi\">Internet Sitesi<\/label><\/div><div class='ff-el-input--content'><input type=\"text\" name=\"input_text\" class=\"ff-el-form-control\" data-name=\"input_text\" id=\"ff_4_input_text\"  aria-invalid=\"false\" aria-required=true><\/div><\/div><div class='ff-el-group'><div class=\"ff-el-input--label asterisk-right\"><label for='ff_4_description' id='label_ff_4_description' aria-label=\"Yorum\">Yorum<\/label><\/div><div class='ff-el-input--content'><textarea aria-required=\"false\" aria-labelledby=\"label_ff_4_description\" name=\"description\" id=\"ff_4_description\" class=\"ff-el-form-control\" rows=\"3\" cols=\"2\" data-name=\"description\" ><\/textarea><\/div><\/div><div class='ff-el-group ff-text-left ff_submit_btn_wrapper'><button type=\"submit\" class=\"ff-btn ff-btn-submit ff-btn-md ff_btn_style\"  aria-label=\"Yorum G\u00f6nder\">Yorum G\u00f6nder<\/button><\/div><\/fieldset><\/form><div id='fluentform_4_errors' class='ff-errors-in-stack ff_form_instance_4_1 ff-form-loading_errors ff_form_instance_4_1_errors'><\/div><\/div>            <script type=\"text\/javascript\">\n                window.fluent_form_ff_form_instance_4_1 = {\"id\":\"4\",\"settings\":{\"layout\":{\"labelPlacement\":\"top\",\"helpMessagePlacement\":\"with_label\",\"errorMessagePlacement\":\"inline\",\"asteriskPlacement\":\"asterisk-right\"},\"restrictions\":{\"denyEmptySubmission\":{\"enabled\":false}}},\"form_instance\":\"ff_form_instance_4_1\",\"form_id_selector\":\"fluentform_4\",\"rules\":{\"[first_name]\":{\"required\":{\"value\":true,\"message\":\"This field is required\"}},\"[middle_name]\":{\"required\":{\"value\":false,\"message\":\"This field is required\"}},\"[last_name]\":{\"required\":{\"value\":false,\"message\":\"This field is required\"}},\"email\":{\"required\":{\"value\":true,\"message\":\"This field is required\"},\"email\":{\"value\":true,\"message\":\"This field must contain a valid email\"}},\"input_text\":{\"required\":{\"value\":true,\"message\":\"This field is required\"}},\"description\":{\"required\":{\"value\":false,\"message\":\"This field is required\"}}},\"debounce_time\":300};\n                            <\/script>\n            \n<div class=\"comments\">\n<div id=\"respond\">\n<div class=\"comment-rss\"><a href=\"http:\/\/www.esanmuhendislik.com.tr\/elektrik-proje-cesitleri\/feed\/\">Subscribe to Comments via RSS<\/a><\/div>\n<\/div>\n<\/div>\n<\/div><\/div>\n\n<style scope=\"scope\">\n\n<\/style>\n<\/div>\n      <\/div><!-- .section-content -->\r\n\r\n      \n<style scope=\"scope\">\n\n#section_648042176 {\n  padding-top: 0px;\n  padding-bottom: 0px;\n}\n<\/style>\n  <\/section>\r\n  \n  <section class=\"section\" id=\"section_963796896\">\r\n      <div class=\"bg section-bg fill bg-fill  bg-loaded\" >\r\n\r\n        \r\n        \r\n        \r\n        \r\n        \r\n        \r\n\r\n      <\/div><!-- .section-bg -->\r\n\r\n      <div class=\"section-content relative\">\r\n        \n<div class=\"row align-middle\"  id=\"row-1273744633\">\n<div class=\"col medium-6 small-12 large-6\"  ><div class=\"col-inner text-center\"  >\n<div class=\"comments\">\n<div id=\"respond\">\n<div class=\"comment-rss\" style=\"text-align: right;\"><span class=\"nav-previous\" style=\"font-size: 14.4px;\"><span class=\"nav-previous\" style=\"font-size: 14.4px;\"><a href=\"http:\/\/esanmuhendislik.com.tr\/?page_id=387\" rel=\"prev\"><span class=\"meta-nav\">\u2190 <\/span><\/a><\/span><\/span><a style=\"font-size: 14.4px;\" href=\"http:\/\/esanmuhendislik.com.tr\/?page_id=387\" rel=\"next\">Elektrik Proje \u00c7e\u015fitleri\u00a0<\/a><\/div>\n<\/div>\n<\/div>\n<\/div><\/div>\n<div class=\"col medium-6 small-12 large-6\"  ><div class=\"col-inner\"  >\n<\/div><\/div>\n\n<style scope=\"scope\">\n\n<\/style>\n<\/div>\n      <\/div><!-- .section-content -->\r\n\r\n      \n<style scope=\"scope\">\n\n#section_963796896 {\n  padding-top: 0px;\n  padding-bottom: 0px;\n}\n<\/style>\n  <\/section>\r\n  \n","protected":false},"excerpt":{"rendered":"","protected":false},"author":1,"featured_media":0,"parent":0,"menu_order":0,"comment_status":"closed","ping_status":"closed","template":"page-blank.php","meta":{"footnotes":""},"class_list":["post-425","page","type-page","status-publish","hentry"],"_links":{"self":[{"href":"https:\/\/esanmuhendislik.com.tr\/index.php?rest_route=\/wp\/v2\/pages\/425","targetHints":{"allow":["GET"]}}],"collection":[{"href":"https:\/\/esanmuhendislik.com.tr\/index.php?rest_route=\/wp\/v2\/pages"}],"about":[{"href":"https:\/\/esanmuhendislik.com.tr\/index.php?rest_route=\/wp\/v2\/types\/page"}],"author":[{"embeddable":true,"href":"https:\/\/esanmuhendislik.com.tr\/index.php?rest_route=\/wp\/v2\/users\/1"}],"replies":[{"embeddable":true,"href":"https:\/\/esanmuhendislik.com.tr\/index.php?rest_route=%2Fwp%2Fv2%2Fcomments&post=425"}],"version-history":[{"count":6,"href":"https:\/\/esanmuhendislik.com.tr\/index.php?rest_route=\/wp\/v2\/pages\/425\/revisions"}],"predecessor-version":[{"id":431,"href":"https:\/\/esanmuhendislik.com.tr\/index.php?rest_route=\/wp\/v2\/pages\/425\/revisions\/431"}],"wp:attachment":[{"href":"https:\/\/esanmuhendislik.com.tr\/index.php?rest_route=%2Fwp%2Fv2%2Fmedia&parent=425"}],"curies":[{"name":"wp","href":"https:\/\/api.w.org\/{rel}","templated":true}]}}