{"id":387,"date":"2023-05-21T22:15:37","date_gmt":"2023-05-21T19:15:37","guid":{"rendered":"http:\/\/esanmuhendislik.com.tr\/?page_id=387"},"modified":"2023-05-22T00:22:57","modified_gmt":"2023-05-21T21:22:57","slug":"elektrik-proje-cesitleri-2","status":"publish","type":"page","link":"https:\/\/esanmuhendislik.com.tr\/?page_id=387","title":{"rendered":"Elektrik Proje \u00c7e\u015fitleri"},"content":{"rendered":"  <section class=\"section\" id=\"section_359530103\">\r\n      <div class=\"bg section-bg fill bg-fill  bg-loaded\" >\r\n\r\n        \r\n        \r\n        \r\n        \r\n        \r\n        \r\n\r\n      <\/div><!-- .section-bg -->\r\n\r\n      <div class=\"section-content relative\">\r\n        \n<div class=\"row row-collapse\"  id=\"row-1494503018\">\n<div class=\"col medium-2 small-6 large-2\"  ><div class=\"col-inner text-center\"  >\n<a href=\"http:\/\/esanmuhendislik.com.tr\" target=\"_self\" class=\"button white is-large lowercase expand\"  >\r\n    <span>Ana Sayfa<\/span>\r\n  <\/a>\r\n\n<\/div><\/div>\n<div class=\"col medium-2 small-6 large-2\"  ><div class=\"col-inner text-center\"  >\n<a href=\"http:\/\/esanmuhendislik.com.tr\/?page_id=224\" target=\"_self\" class=\"button white is-large lowercase expand\"  >\r\n    <span>Hakk\u0131m\u0131zda<\/span>\r\n  <\/a>\r\n\n<\/div><\/div>\n<div class=\"col medium-2 small-6 large-2\"  ><div class=\"col-inner text-center\"  >\n<a href=\"http:\/\/esanmuhendislik.com.tr\/?page_id=237\" target=\"_self\" class=\"button white is-large lowercase expand\"  >\r\n    <span>Hizmetlerimiz<\/span>\r\n  <\/a>\r\n\n<\/div><\/div>\n<div class=\"col medium-2 small-6 large-2\"  ><div class=\"col-inner\"  >\n<a href=\"http:\/\/esanmuhendislik.com.tr\/?page_id=245\" target=\"_self\" class=\"button white is-large lowercase expand\"  >\r\n    <span>Referanslar\u0131m\u0131z<\/span>\r\n  <\/a>\r\n\n<\/div><\/div>\n<div class=\"col medium-1 small-6 large-1\"  ><div class=\"col-inner text-center\"  >\n<a href=\"http:\/\/esanmuhendislik.com.tr\/?page_id=279\" target=\"_self\" class=\"button white is-large lowercase\"  >\r\n    <span>Galeri<\/span>\r\n  <\/a>\r\n\n<\/div><\/div>\n<div class=\"col medium-2 small-6 large-2\"  ><div class=\"col-inner\"  >\n<a href=\"http:\/\/esanmuhendislik.com.tr\/?page_id=309\" target=\"_self\" class=\"button white is-large lowercase expand\"  >\r\n    <span>\u0130nsan Kaynaklar\u0131<\/span>\r\n  <\/a>\r\n\n<\/div><\/div>\n<div class=\"col medium-1 small-6 large-1\"  ><div class=\"col-inner\"  >\n<a href=\"http:\/\/esanmuhendislik.com.tr\/?page_id=311\" target=\"_self\" class=\"button white is-large lowercase expand\"  >\r\n    <span>\u0130leti\u015fim<\/span>\r\n  <\/a>\r\n\n<\/div><\/div>\n\n<style scope=\"scope\">\n\n<\/style>\n<\/div>\n      <\/div><!-- .section-content -->\r\n\r\n      \n<style scope=\"scope\">\n\n#section_359530103 {\n  padding-top: 0px;\n  padding-bottom: 0px;\n}\n<\/style>\n  <\/section>\r\n  \n  <section class=\"section\" id=\"section_1271022849\">\r\n      <div class=\"bg section-bg fill bg-fill  bg-loaded\" >\r\n\r\n        \r\n        \r\n        \r\n        \r\n        \r\n        \r\n\r\n      <\/div><!-- .section-bg -->\r\n\r\n      <div class=\"section-content relative\">\r\n        \n<h2 class=\"title\" style=\"text-align: center;\"><span style=\"color: #ffffff;\">Elektrik Proje \u00c7e\u015fitleri<\/span><\/h2>\n<p style=\"text-align: center;\"><span style=\"color: #ffffff;\"><small class=\"date\">Haziran 10, 2015<\/small><\/span><\/p>\n      <\/div><!-- .section-content -->\r\n\r\n      \n<style scope=\"scope\">\n\n#section_1271022849 {\n  padding-top: 30px;\n  padding-bottom: 30px;\n  background-color: rgb(36, 154, 192);\n}\n<\/style>\n  <\/section>\r\n  \n<div class=\"gap-element\" style=\"display:block; height:auto; padding-top:40px\" class=\"clearfix\"><\/div>\n  <section class=\"section\" id=\"section_665583326\">\r\n      <div class=\"bg section-bg fill bg-fill  bg-loaded\" >\r\n\r\n        \r\n        \r\n        \r\n        \r\n        \r\n        \r\n\r\n      <\/div><!-- .section-bg -->\r\n\r\n      <div class=\"section-content relative\">\r\n        \n<div class=\"row align-middle\"  id=\"row-1851807875\">\n<div class=\"col medium-2 small-12 large-2\"  ><div class=\"col-inner\"  >\n<\/div><\/div>\n<div class=\"col medium-8 small-12 large-8\"  ><div class=\"col-inner\"  >\n    <div class=\"img has-hover x md-x lg-x y md-y lg-y\" id=\"image_2110697439\">\r\n                <div class=\"img-inner image-cover dark\" style=\"padding-top:70%;\">\r\n        <img loading=\"lazy\" decoding=\"async\" width=\"1020\" height=\"644\" src=\"https:\/\/esanmuhendislik.com.tr\/wp-content\/uploads\/2023\/05\/Elektrik-proje-cesitleri-1024x647.jpg\" class=\"attachment-large size-large\" alt=\"\" srcset=\"https:\/\/esanmuhendislik.com.tr\/wp-content\/uploads\/2023\/05\/Elektrik-proje-cesitleri-1024x647.jpg 1024w, https:\/\/esanmuhendislik.com.tr\/wp-content\/uploads\/2023\/05\/Elektrik-proje-cesitleri-300x189.jpg 300w, https:\/\/esanmuhendislik.com.tr\/wp-content\/uploads\/2023\/05\/Elektrik-proje-cesitleri-768x485.jpg 768w, https:\/\/esanmuhendislik.com.tr\/wp-content\/uploads\/2023\/05\/Elektrik-proje-cesitleri-1536x970.jpg 1536w, https:\/\/esanmuhendislik.com.tr\/wp-content\/uploads\/2023\/05\/Elektrik-proje-cesitleri.jpg 1900w\" sizes=\"auto, (max-width: 1020px) 100vw, 1020px\" \/>                \r\n            <\/div>\r\n                   \n<style scope=\"scope\">\n\n<\/style>\n    <\/div>\r\n    \n<p><strong>ESAN MUHEND\u0130SL\u0130K<\/strong>,\u00a0<strong>Elektrik taahh\u00fct i\u015fleri<\/strong>\u00a0yap\u0131l\u0131rken\u00a0<strong>elektrik m\u00fchendisli\u011finin<\/strong>\u00a0gerektirdi\u011fi y\u00fcr\u00fcrl\u00fckteki yerel ve uluslararas\u0131 standartlara uyulursa elektrik ar\u0131zalar\u0131n\u0131n m\u00fcmk\u00fcn oldu\u011funca azalaca\u011f\u0131 a\u015fikard\u0131r.<\/p>\n<p><em><strong><a title=\"elektrik proje \u00e7e\u015fitleri\" href=\"http:\/\/www.esanmuhendislik.com.tr\/\" target=\"_blank\" rel=\"noopener\">Elektrik proje \u00e7e\u015fitleri\u00a0<\/a><\/strong><\/em>haz\u0131rlan\u0131rken \u00f6n proje \u00e7al\u0131\u015fmas\u0131 yap\u0131p di\u011fer proje disiplinleri ile uygunlu\u011fu sa\u011flanmal\u0131d\u0131r. Projelerin birbiri ile uygunlu\u011fu daha d\u00fczg\u00fcn elektrik projes\u0131 haz\u0131rlanmas\u0131n\u0131 vede daha d\u00fczg\u00fcn elektrik taahh\u00fct yap\u0131lmas\u0131n\u0131 sa\u011flar.<\/p>\n    <div class=\"img has-hover x md-x lg-x y md-y lg-y\" id=\"image_1616120148\">\r\n                <div class=\"img-inner image-cover dark\" style=\"padding-top:40%;\">\r\n        <img loading=\"lazy\" decoding=\"async\" width=\"1020\" height=\"644\" src=\"https:\/\/esanmuhendislik.com.tr\/wp-content\/uploads\/2023\/05\/Elektrik-proje-cesitleri-1024x647.jpg\" class=\"attachment-large size-large\" alt=\"\" srcset=\"https:\/\/esanmuhendislik.com.tr\/wp-content\/uploads\/2023\/05\/Elektrik-proje-cesitleri-1024x647.jpg 1024w, https:\/\/esanmuhendislik.com.tr\/wp-content\/uploads\/2023\/05\/Elektrik-proje-cesitleri-300x189.jpg 300w, https:\/\/esanmuhendislik.com.tr\/wp-content\/uploads\/2023\/05\/Elektrik-proje-cesitleri-768x485.jpg 768w, https:\/\/esanmuhendislik.com.tr\/wp-content\/uploads\/2023\/05\/Elektrik-proje-cesitleri-1536x970.jpg 1536w, https:\/\/esanmuhendislik.com.tr\/wp-content\/uploads\/2023\/05\/Elektrik-proje-cesitleri.jpg 1900w\" sizes=\"auto, (max-width: 1020px) 100vw, 1020px\" \/>                \r\n            <\/div>\r\n                   \n<style scope=\"scope\">\n\n#image_1616120148 {\n  width: 91%;\n}\n<\/style>\n    <\/div>\r\n    \n<\/div><\/div>\n\n<style scope=\"scope\">\n\n<\/style>\n<\/div>\n<div class=\"row align-middle\"  id=\"row-1819662859\">\n<div class=\"col medium-2 small-12 large-2\"  ><div class=\"col-inner\"  >\n<\/div><\/div>\n<div class=\"col medium-6 small-12 large-6\"  ><div class=\"col-inner\"  >\n<h3 id=\"reply-title\" class=\"comment-reply-title\">Bir Cevap Yaz\u0131n<small><\/small><\/h3>\n<form id=\"commentform\" class=\"comment-form\" action=\"http:\/\/www.esanmuhendislik.com.tr\/wp-comments-post.php\" method=\"post\">\n<p class=\"comment-notes\"><span id=\"email-notes\">E-posta hesab\u0131n\u0131z yay\u0131mlanmayacak.<\/span>\u00a0Gerekli alanlar\u00a0<span class=\"required\">*<\/span>\u00a0ile i\u015faretlenmi\u015flerdir<\/p>\n<\/form>\n<div class='fluentform ff-default fluentform_wrapper_4 ffs_default_wrap'><form data-form_id=\"4\" id=\"fluentform_4\" class=\"frm-fluent-form fluent_form_4 ff-el-form-top ff_form_instance_4_1 ff-form-loading ffs_default\" data-form_instance=\"ff_form_instance_4_1\" method=\"POST\" ><fieldset  style=\"border: none!important;margin: 0!important;padding: 0!important;background-color: transparent!important;box-shadow: none!important;outline: none!important; min-inline-size: 100%;\">\n                    <legend class=\"ff_screen_reader_title\" style=\"display: block; margin: 0!important;padding: 0!important;height: 0!important;text-indent: -999999px;width: 0!important;overflow:hidden;\">Subscription Form (#4)<\/legend><input type='hidden' name='__fluent_form_embded_post_id' value='387' \/><input type=\"hidden\" id=\"_fluentform_4_fluentformnonce\" name=\"_fluentform_4_fluentformnonce\" value=\"5f59a09e4e\" \/><input type=\"hidden\" name=\"_wp_http_referer\" value=\"\/index.php?rest_route=%2Fwp%2Fv2%2Fpages%2F387\" \/><div data-type=\"name-element\" class=\" ff-field_container ff-name-field-wrapper\" ><div class='ff-t-container'><div class='ff-t-cell '><div class='ff-el-group'><div class=\"ff-el-input--label ff-el-is-required asterisk-right\"><label for='ff_4__first_name_' id='label_ff_4__first_name_' >\u0130sim<\/label><\/div><div class='ff-el-input--content'><input type=\"text\" name=\"[first_name]\" id=\"ff_4__first_name_\" class=\"ff-el-form-control\" aria-invalid=\"false\" aria-required=true><\/div><\/div><\/div><\/div><\/div><div class='ff-el-group'><div class=\"ff-el-input--label ff-el-is-required asterisk-right\"><label for='ff_4_email' id='label_ff_4_email' aria-label=\"E-posta\">E-posta<\/label><\/div><div class='ff-el-input--content'><input type=\"email\" name=\"email\" id=\"ff_4_email\" class=\"ff-el-form-control\" data-name=\"email\"  aria-invalid=\"false\" aria-required=true><\/div><\/div><div class='ff-el-group'><div class=\"ff-el-input--label ff-el-is-required asterisk-right\"><label for='ff_4_input_text' id='label_ff_4_input_text' aria-label=\"Internet Sitesi\">Internet Sitesi<\/label><\/div><div class='ff-el-input--content'><input type=\"text\" name=\"input_text\" class=\"ff-el-form-control\" data-name=\"input_text\" id=\"ff_4_input_text\"  aria-invalid=\"false\" aria-required=true><\/div><\/div><div class='ff-el-group'><div class=\"ff-el-input--label asterisk-right\"><label for='ff_4_description' id='label_ff_4_description' aria-label=\"Yorum\">Yorum<\/label><\/div><div class='ff-el-input--content'><textarea aria-required=\"false\" aria-labelledby=\"label_ff_4_description\" name=\"description\" id=\"ff_4_description\" class=\"ff-el-form-control\" rows=\"3\" cols=\"2\" data-name=\"description\" ><\/textarea><\/div><\/div><div class='ff-el-group ff-text-left ff_submit_btn_wrapper'><button type=\"submit\" class=\"ff-btn ff-btn-submit ff-btn-md ff_btn_style\"  aria-label=\"Yorum G\u00f6nder\">Yorum G\u00f6nder<\/button><\/div><\/fieldset><\/form><div id='fluentform_4_errors' class='ff-errors-in-stack ff_form_instance_4_1 ff-form-loading_errors ff_form_instance_4_1_errors'><\/div><\/div>            <script type=\"text\/javascript\">\n                window.fluent_form_ff_form_instance_4_1 = {\"id\":\"4\",\"settings\":{\"layout\":{\"labelPlacement\":\"top\",\"helpMessagePlacement\":\"with_label\",\"errorMessagePlacement\":\"inline\",\"asteriskPlacement\":\"asterisk-right\"},\"restrictions\":{\"denyEmptySubmission\":{\"enabled\":false}}},\"form_instance\":\"ff_form_instance_4_1\",\"form_id_selector\":\"fluentform_4\",\"rules\":{\"[first_name]\":{\"required\":{\"value\":true,\"message\":\"This field is required\"}},\"[middle_name]\":{\"required\":{\"value\":false,\"message\":\"This field is required\"}},\"[last_name]\":{\"required\":{\"value\":false,\"message\":\"This field is required\"}},\"email\":{\"required\":{\"value\":true,\"message\":\"This field is required\"},\"email\":{\"value\":true,\"message\":\"This field must contain a valid email\"}},\"input_text\":{\"required\":{\"value\":true,\"message\":\"This field is required\"}},\"description\":{\"required\":{\"value\":false,\"message\":\"This field is required\"}}},\"debounce_time\":300};\n                            <\/script>\n            \n<div class=\"comments\">\n<div id=\"respond\">\n<div class=\"comment-rss\"><a href=\"http:\/\/www.esanmuhendislik.com.tr\/elektrik-proje-cesitleri\/feed\/\">Subscribe to Comments via RSS<\/a><\/div>\n<\/div>\n<\/div>\n<\/div><\/div>\n\n<style scope=\"scope\">\n\n<\/style>\n<\/div>\n      <\/div><!-- .section-content -->\r\n\r\n      \n<style scope=\"scope\">\n\n#section_665583326 {\n  padding-top: 0px;\n  padding-bottom: 0px;\n}\n<\/style>\n  <\/section>\r\n  \n  <section class=\"section\" id=\"section_540709\">\r\n      <div class=\"bg section-bg fill bg-fill  bg-loaded\" >\r\n\r\n        \r\n        \r\n        \r\n        \r\n        \r\n        \r\n\r\n      <\/div><!-- .section-bg -->\r\n\r\n      <div class=\"section-content relative\">\r\n        \n<div class=\"row align-middle\"  id=\"row-335991315\">\n<div class=\"col medium-6 small-12 large-6\"  ><div class=\"col-inner text-center\"  >\n<div class=\"comments\">\n<div id=\"respond\">\n<div class=\"comment-rss\" style=\"text-align: right;\"><span class=\"nav-previous\" style=\"font-size: 14.4px;\"><a href=\"http:\/\/esanmuhendislik.com.tr\/?page_id=414\" rel=\"prev\"><span class=\"meta-nav\">\u2190<\/span> Renaissance Istanbul Bosphorus Hotel hizmete a\u00e7\u0131lm\u0131\u015ft\u0131r<\/a><\/span><\/div>\n<\/div>\n<\/div>\n<\/div><\/div>\n<div class=\"col medium-6 small-12 large-6\"  ><div class=\"col-inner\"  >\n<div class=\"comments\">\n<div id=\"respond\"><a style=\"font-size: 14.4px;\" href=\"http:\/\/esanmuhendislik.com.tr\/?page_id=425\" rel=\"next\">ATABEY LOJ\u0130ST\u0130K A.\u015e. Elektrik Projeleri <span class=\"meta-nav\">\u2192<\/span><\/a><\/div>\n<\/div>\n<\/div><\/div>\n\n<style scope=\"scope\">\n\n<\/style>\n<\/div>\n      <\/div><!-- .section-content -->\r\n\r\n      \n<style scope=\"scope\">\n\n#section_540709 {\n  padding-top: 0px;\n  padding-bottom: 0px;\n}\n<\/style>\n  <\/section>\r\n  \n","protected":false},"excerpt":{"rendered":"","protected":false},"author":1,"featured_media":0,"parent":0,"menu_order":0,"comment_status":"closed","ping_status":"closed","template":"page-blank.php","meta":{"footnotes":""},"class_list":["post-387","page","type-page","status-publish","hentry"],"_links":{"self":[{"href":"https:\/\/esanmuhendislik.com.tr\/index.php?rest_route=\/wp\/v2\/pages\/387","targetHints":{"allow":["GET"]}}],"collection":[{"href":"https:\/\/esanmuhendislik.com.tr\/index.php?rest_route=\/wp\/v2\/pages"}],"about":[{"href":"https:\/\/esanmuhendislik.com.tr\/index.php?rest_route=\/wp\/v2\/types\/page"}],"author":[{"embeddable":true,"href":"https:\/\/esanmuhendislik.com.tr\/index.php?rest_route=\/wp\/v2\/users\/1"}],"replies":[{"embeddable":true,"href":"https:\/\/esanmuhendislik.com.tr\/index.php?rest_route=%2Fwp%2Fv2%2Fcomments&post=387"}],"version-history":[{"count":27,"href":"https:\/\/esanmuhendislik.com.tr\/index.php?rest_route=\/wp\/v2\/pages\/387\/revisions"}],"predecessor-version":[{"id":473,"href":"https:\/\/esanmuhendislik.com.tr\/index.php?rest_route=\/wp\/v2\/pages\/387\/revisions\/473"}],"wp:attachment":[{"href":"https:\/\/esanmuhendislik.com.tr\/index.php?rest_route=%2Fwp%2Fv2%2Fmedia&parent=387"}],"curies":[{"name":"wp","href":"https:\/\/api.w.org\/{rel}","templated":true}]}}