{"id":224,"date":"2023-05-20T22:25:52","date_gmt":"2023-05-20T19:25:52","guid":{"rendered":"http:\/\/esanmuhendislik.com.tr\/?page_id=224"},"modified":"2024-10-05T12:53:26","modified_gmt":"2024-10-05T09:53:26","slug":"hakkimizda","status":"publish","type":"page","link":"https:\/\/esanmuhendislik.com.tr\/?page_id=224","title":{"rendered":"Hakkimizda"},"content":{"rendered":"  <section class=\"section\" id=\"section_1608095621\">\r\n      <div class=\"bg section-bg fill bg-fill  bg-loaded\" >\r\n\r\n        \r\n        \r\n        \r\n        \r\n        \r\n        \r\n\r\n      <\/div><!-- .section-bg -->\r\n\r\n      <div class=\"section-content relative\">\r\n        \n<div class=\"row row-collapse\"  id=\"row-956523832\">\n<div class=\"col medium-2 small-6 large-2\"  ><div class=\"col-inner text-center\"  >\n<a href=\"http:\/\/esanmuhendislik.com.tr\" target=\"_self\" class=\"button white is-large lowercase expand\"  >\r\n    <span>Ana Sayfa<\/span>\r\n  <\/a>\r\n\n<\/div><\/div>\n<div class=\"col medium-2 small-6 large-2\"  ><div class=\"col-inner text-center\"  >\n<a href=\"http:\/\/esanmuhendislik.com.tr\/?page_id=224\" target=\"_self\" class=\"button white is-large lowercase expand\"  >\r\n    <span>Hakk\u0131m\u0131zda<\/span>\r\n  <\/a>\r\n\n<\/div><\/div>\n<div class=\"col medium-2 small-6 large-2\"  ><div class=\"col-inner text-center\"  >\n<a href=\"http:\/\/esanmuhendislik.com.tr\/?page_id=237\" target=\"_self\" class=\"button white is-large lowercase expand\"  >\r\n    <span>Hizmetlerimiz<\/span>\r\n  <\/a>\r\n\n<\/div><\/div>\n<div class=\"col medium-2 small-6 large-2\"  ><div class=\"col-inner\"  >\n<a href=\"http:\/\/esanmuhendislik.com.tr\/?page_id=245\" target=\"_self\" class=\"button white is-large lowercase expand\"  >\r\n    <span>Referanslar\u0131m\u0131z<\/span>\r\n  <\/a>\r\n\n<\/div><\/div>\n<div class=\"col medium-1 small-6 large-1\"  ><div class=\"col-inner text-center\"  >\n<a href=\"http:\/\/esanmuhendislik.com.tr\/?page_id=279\" target=\"_self\" class=\"button white is-large lowercase\"  >\r\n    <span>Galeri<\/span>\r\n  <\/a>\r\n\n<\/div><\/div>\n<div class=\"col medium-2 small-6 large-2\"  ><div class=\"col-inner\"  >\n<a href=\"http:\/\/esanmuhendislik.com.tr\/?page_id=309\" target=\"_self\" class=\"button white is-large lowercase expand\"  >\r\n    <span>\u0130nsan Kaynaklar\u0131<\/span>\r\n  <\/a>\r\n\n<\/div><\/div>\n<div class=\"col medium-1 small-6 large-1\"  ><div class=\"col-inner\"  >\n<a href=\"http:\/\/esanmuhendislik.com.tr\/?page_id=311\" target=\"_self\" class=\"button white is-large lowercase expand\"  >\r\n    <span>\u0130leti\u015fim<\/span>\r\n  <\/a>\r\n\n<\/div><\/div>\n\n<style scope=\"scope\">\n\n<\/style>\n<\/div>\n      <\/div><!-- .section-content -->\r\n\r\n      \n<style scope=\"scope\">\n\n#section_1608095621 {\n  padding-top: 0px;\n  padding-bottom: 0px;\n}\n<\/style>\n  <\/section>\r\n  \n  <section class=\"section\" id=\"section_322485508\">\r\n      <div class=\"bg section-bg fill bg-fill  bg-loaded\" >\r\n\r\n        \r\n        \r\n        \r\n        \r\n        \r\n        \r\n\r\n      <\/div><!-- .section-bg -->\r\n\r\n      <div class=\"section-content relative\">\r\n        \n<div class=\"row row-collapse\"  id=\"row-220888564\">\n<div class=\"col small-12 large-12\"  ><div class=\"col-inner text-center\"  >\n<h1 class=\"lead\" style=\"text-align: center;\"><span style=\"color: #ffffff;\"><strong>Hakk\u0131m\u0131zda<\/strong><\/span><\/h1>\n<\/div><\/div>\n\n<style scope=\"scope\">\n\n<\/style>\n<\/div>\n      <\/div><!-- .section-content -->\r\n\r\n      \n<style scope=\"scope\">\n\n#section_322485508 {\n  padding-top: 40px;\n  padding-bottom: 40px;\n  background-color: rgb(36, 154, 192);\n}\n<\/style>\n  <\/section>\r\n  \n  <section class=\"section\" id=\"section_1852830646\">\r\n      <div class=\"bg section-bg fill bg-fill  bg-loaded\" >\r\n\r\n        \r\n        \r\n        \r\n        \r\n        \r\n        \r\n\r\n      <\/div><!-- .section-bg -->\r\n\r\n      <div class=\"section-content relative\">\r\n        \n<div class=\"row align-middle\"  id=\"row-1962369390\">\n<div class=\"col small-12 large-12\"  ><div class=\"col-inner\"  >\n<h2>ESAN M\u00dcHEND\u0130SL\u0130K TAAHH\u00dcT ve T\u0130CARET LTD.\u015eT\u0130.<\/h2>\n<h3>Kalite.. G\u00fcven..<\/h3>\n<p>Elektrik M\u00fchendisli\u011fi Proje Hizmetleri vermek amac\u0131yla 1980 y\u0131l\u0131nda kurulmu\u015ftur. Geli\u015fen i\u015f hacmiyle beraber 1992 y\u0131l\u0131ndan itibaren Elektrik, Taahh\u00fct Hizmetleri vermekteyiz.<\/p>\n<p>Geli\u015fen yeniliklere a\u00e7\u0131k, teknik konulara hakimiyet, ara\u015ft\u0131rmalara \u00f6nem veren, y\u00fcr\u00fcrl\u00fckteki \u015fartnamelere uygun i\u015f yapmay\u0131 prensip edinmi\u015f ve her zaman m\u00fc\u015fteri memnuniyetini \u00f6n planda tutmay\u0131 ilke edinmi\u015f bir misyonumuz vard\u0131r.<\/p>\n<p>M\u00fc\u015fteriye olan sayg\u0131nl\u0131\u011f\u0131, d\u00fcr\u00fcst ve kaliteli hizmet vermeyi vizyonumuz olarak g\u00f6rmekteyiz.<\/p>\n<p>\u201cINSAN KADAR DE\u011eERLI HI\u00c7BIR \u015eEY YOKTUR.\u201d , \u201cELINDEN BIR\u015eEY GELMEYENIN A\u011eIZI LAF YAPAR.\u201d<\/p>\n<\/blockquote>\n<h3>ESAN M\u00fch. Ltd. \u015eti.<\/h3>\n<div class=\"text-center\"><div class=\"is-divider divider clearfix\" style=\"max-width:100%;height:1px;\"><\/div><\/div><!-- .divider -->\n<\/div><\/div>\n\n<style scope=\"scope\">\n\n<\/style>\n<\/div>\n      <\/div><!-- .section-content -->\r\n\r\n      \n<style scope=\"scope\">\n\n#section_1852830646 {\n  padding-top: 30px;\n  padding-bottom: 30px;\n}\n<\/style>\n  <\/section>\r\n  \n","protected":false},"excerpt":{"rendered":"","protected":false},"author":1,"featured_media":0,"parent":0,"menu_order":0,"comment_status":"closed","ping_status":"closed","template":"page-blank.php","meta":{"footnotes":""},"class_list":["post-224","page","type-page","status-publish","hentry"],"_links":{"self":[{"href":"https:\/\/esanmuhendislik.com.tr\/index.php?rest_route=\/wp\/v2\/pages\/224","targetHints":{"allow":["GET"]}}],"collection":[{"href":"https:\/\/esanmuhendislik.com.tr\/index.php?rest_route=\/wp\/v2\/pages"}],"about":[{"href":"https:\/\/esanmuhendislik.com.tr\/index.php?rest_route=\/wp\/v2\/types\/page"}],"author":[{"embeddable":true,"href":"https:\/\/esanmuhendislik.com.tr\/index.php?rest_route=\/wp\/v2\/users\/1"}],"replies":[{"embeddable":true,"href":"https:\/\/esanmuhendislik.com.tr\/index.php?rest_route=%2Fwp%2Fv2%2Fcomments&post=224"}],"version-history":[{"count":11,"href":"https:\/\/esanmuhendislik.com.tr\/index.php?rest_route=\/wp\/v2\/pages\/224\/revisions"}],"predecessor-version":[{"id":495,"href":"https:\/\/esanmuhendislik.com.tr\/index.php?rest_route=\/wp\/v2\/pages\/224\/revisions\/495"}],"wp:attachment":[{"href":"https:\/\/esanmuhendislik.com.tr\/index.php?rest_route=%2Fwp%2Fv2%2Fmedia&parent=224"}],"curies":[{"name":"wp","href":"https:\/\/api.w.org\/{rel}","templated":true}]}}